{"id":9,"date":"2024-09-03T19:55:21","date_gmt":"2024-09-03T19:55:21","guid":{"rendered":"https:\/\/confident-dijkstra.85-214-196-33.plesk.page\/?page_id=9"},"modified":"2026-01-08T23:05:43","modified_gmt":"2026-01-08T21:05:43","slug":"konzept","status":"publish","type":"page","link":"https:\/\/ruhr-casa-sami.de\/index.php\/konzept\/","title":{"rendered":"Konzept"},"content":{"rendered":"\n<div class=\"wp-block-group alignwide is-layout-flow wp-block-group-is-layout-flow\">\n<p>Sie hatten noch nie Ber\u00fchrungspunkte mit einer Verm\u00f6gensverwaltung. Dieses versuchen wir Ihnen auf dieser Seite kurz n\u00e4herzubringen. Bitte bedenken Sie, dass dies auf einer digitalen Plattform nur eingeschr\u00e4nkt m\u00f6glich ist. Jedoch ist es in einem pers\u00f6nlichen Gespr\u00e4ch viel einfacher, Ihnen dies zu erl\u00e4utern.<\/p>\n\n\n\n<h2 class=\"wp-block-heading has-text-align-center has-large-font-size\">Eine <strong>Verm\u00f6gensverwaltendegesellschaft <\/strong>verwaltet das Verm\u00f6gen Dritter<\/h2>\n\n\n\n<p>Sie filtert aus den auf Sie zugeschnittenen und nach Ihren W\u00fcnschen entsprechenden verbleibenden M\u00f6glichkeiten die passenden Finanzprodukte und die dazugeh\u00f6rigen M\u00f6glichkeiten f\u00fcr die Geldanlage heraus, die nat\u00fcrlich hieraus eine gute und sichere Renditeerwartung mit minimierten und \u00fcberschaubaren Risiken in Korrelation zum Investment bringt.<\/p>\n\n\n\n<h2 class=\"wp-block-heading has-text-align-center has-large-font-size\">Eine <strong>Verm\u00f6gensverwaltendegesellschaft <\/strong>\u00fcberwacht das Verm\u00f6gen Dritter<\/h2>\n\n\n\n<p>Sie hat die dauerhafte Aufgabe, laufend die Anlage, Verwaltung und \u00dcberwachung des Verm\u00f6gens des Kunden zu t\u00e4tigen. Dies variiert je nach Kunde und Kundenwunsch auf Beteiligungen, Geldverm\u00f6gen, Grundverm\u00f6gen, Testamentsvollstreckung, Wertpapiere, \u2026, jegliche Art von Investitionen. Hierzu kann dies vom Kunden abh\u00e4ngig unterschiedlich gewichtet werden oder nur einzelne Punkte beinhalten.<\/p>\n\n\n\n<h2 class=\"wp-block-heading has-text-align-center has-large-font-size\">Eine <strong>Verm\u00f6gensverwaltendegesellschaft <\/strong>plant langfristig das Verm\u00f6gen Dritter.<\/h2>\n\n\n\n<p>Sie, der Kunde, setzen ein Zukunftsziel an (dies beinhaltet jahrzehntelange Planung). In dieser Zeit ist ein Verm\u00f6gen, passives Einkommen oder Wert zu erwirtschaften, mit dem als m\u00f6gliches Ziel im Alter oder f\u00fcr die Erben erreicht werden soll. Eine m\u00f6gliche Einnahme der verm\u00f6gensverwaltenden Gesellschaft w\u00e4ren Zinsen und Dividenden aus Wertpapierertr\u00e4gen oder durch langfristige Verpachtung und Vermietung von Immobilien \/ Real Estates.<\/p>\n\n\n\n<h2 class=\"wp-block-heading has-text-align-center has-large-font-size\">\u00dcber Uns<\/h2>\n\n\n\n<p>Wie im Klassischen decken wir das gesamte Spektrum einer verm\u00f6gensverwaltenden Gesellschaft ab, jedoch sind wir sehr stolz darauf, uns im Bereich Real Estate \/ Immobilien spezialisiert zu haben. Hierzu arbeiten wir sehr eng mit dem Handwerk, Immobilienmaklern, Steuerberatern, Notaren, Bauingenieuren \/ Statikern und Architekten zusammen. Somit sind wir im Bausektor abgesichert. Wir arbeiten mit erfahrenen B\u00fcros und Kanzleien, die wiederum ihre Expertise mitbringen und einflie\u00dfen lassen k\u00f6nnen. Wir sind ein Familienunternehmen mit drei Generationen sowie Damen und Herren, die dieses Konzept unterst\u00fctzend mit begleiten.<\/p>\n\n\n\n<p>Unser Ziel und Wunsch ist es, Ihr Verm\u00f6gen \/ Ihre Investition so schnell wie m\u00f6glich zu vermehren und Sie zu bereichern. Je mehr wir aus der Investition erreichen und je schneller wir Sie unabh\u00e4ngig machen und absichern, desto mehr bekommen wir auch aus dem Vertrag heraus.<\/p>\n\n\n\n<p>Wir sind stolz zu sagen, dass wir ein Team aus vielen diversen Berufszweigen sind. Gro\u00dfteils haben wir momentan im Bereich des Bausektors unseren Schwerpunkt. Wir weisen \u00fcber 20 Jahre Berufserfahrung in diesem Bereich auf und sind handwerklich wie auch akademisch sehr gut aufgestellt. Dieses flie\u00dft in unsere Expertise mit ein und stellt uns auf eine ganz besondere Position. Wir haben Experten ihres Faches inne und k\u00f6nnen somit schnell f\u00fcr Sie kalkulieren, ob sich eine Investition lohnt und rentiert.<\/p>\n\n\n\n<p>Auch sind wir stolz darauf, ein Familienbetrieb zu sein, welcher sich mit drei Generationen diesem Bereich widmet. Es ist ein Zusammenschluss aus Freunden, Berufskollegen sowie Bekanntschaften, die diese Struktur festigen. Hier ist Verlass aufeinander, und jeder deckt seinen Bereich ab. Wir wachsen mit den Aufgaben und werden immer mehr Personen. Zudem hoffen wir, Sie durch Seminare und Schulungen n\u00e4her an das Thema heranzuf\u00fchren, sollte dies Sie interessieren. Wir streben danach, auch Sie zu einem Teil unserer Familie werden zu lassen und kein kaltes Dienstleisterverh\u00e4ltnis zu f\u00fchren.<\/p>\n\n\n\n<p>Unsere Kritik wendet sich daran, dass es fr\u00fcher f\u00fcr jede Generation viel einfacher war, ein Eigenheim zu bauen. Dies erschwert sich seit letzter Zeit zunehmend. Auch die Rente reicht bei vielen nicht mehr aus, und ein finanzielles Polster aufzubauen wird immer schwieriger \u2013 welches jedoch als passives Einkommen zur Rente mitwirken kann. Wir wollen Ihnen beim Aufbau von passivem Einkommen, Verm\u00f6gen sowie bei der Absicherung Ihrer Familie helfen. Jeder wird individuell beraten und nach seinen M\u00f6glichkeiten wird Vorsorge betrieben. Auch mit 20 \u20ac im Monat kann man sich etwas aufbauen \u2013 untersch\u00e4tzen Sie nie den Zinseszinseffekt.<\/p>\n\n\n\n<hr class=\"wp-block-separator has-alpha-channel-opacity is-style-dots\"\/>\n\n\n\n<p>Eine verm\u00f6gensverwaltende Gesellschaft bietet sich f\u00fcr jeden an, unabh\u00e4ngig von Alter und Beruf. Diese kann f\u00fcr Sie in folgenden Bereichen t\u00e4tig sein:<\/p>\n\n\n\n<p><strong>Investitionen<\/strong><br>Langfristiger Erwerb eines Objektes, welches passives Einkommen generiert und sich \u00fcber die Zeit rentabilisiert.<\/p>\n\n\n\n<p><strong>Handel<\/strong><br>Hierbei handelt es sich um die gezielte Taktik eines \u201ePush and Pull\u201c, vergleichbar mit einem Autokauf \/ An- und Verkauf. Jemand erwirbt ein Objekt und versucht dieses schnellstm\u00f6glich durch minimalen Aufwand zu einem deutlich h\u00f6heren Preis zu verkaufen.<\/p>\n\n\n\n<p><strong>Spekulationen<\/strong><br>Aktien, Devisen, Welthandelswaren und andere Wertpapiere an der B\u00f6rse sind klassische Beispiele f\u00fcr kurzfristige Investments mit dem Ziel eines schnellen Gewinns und sind mit einem hohen Risiko verbunden.<\/p>\n\n\n\n<hr class=\"wp-block-separator has-alpha-channel-opacity is-style-dots\"\/>\n\n\n\n<p>Wir sind gezielt auf Investitionen im Bereich Immobilien fokussiert und handeln diese in unserer Gesellschaft als Ihr Investment. Hierzu bieten sich viele Vorz\u00fcge an, diese in einer verm\u00f6gensverwaltenden Gesellschaft zu f\u00fchren. Beispielsweise sind 15 % Steuern ein nennenswerter Vorteil, neben weiteren.<br><br>Alles hat Vorteile und Nachteile \u2013 auch die Entscheidung, beispielsweise eine Immobilie pers\u00f6nlich oder in einer verm\u00f6gensverwaltenden Gesellschaft zu halten. Hierzu beraten wir Sie gerne, was f\u00fcr Ihr Portfolio mehr Sinn ergibt.<br><br>F\u00fcr eine verm\u00f6gensverwaltende Gesellschaft sprechen die geringeren Steuern (momentan 15 %) in dem oben genannten Bereich, wobei Sie als Privatperson deutlich h\u00f6here Steuern auf die anfallenden Gewinne zahlen m\u00fcssten.<br><br>Als Privatperson k\u00f6nnen Sie jedoch nach 10 Jahren die Immobilie steuerfrei verkaufen. (Bzw. nach momentaner Rechtsprechung ab 2026, wenn Sie in der Immobilie nachweislich zwei vorherige Jahre gelebt haben und im Verkaufsjahr noch darin wohnen, k\u00f6nnen Sie diese ebenfalls steuerfrei verkaufen.) Bei einer GmbH (verm\u00f6gensverwaltenden Gesellschaft) fallen in diesem Bereich immer 15 % Steuern an.<br><br>Hierbei ist abzuw\u00e4gen, welche Immobilien langfristig gehalten werden sollen und welche nach diesem Prinzip wieder ver\u00e4u\u00dfert werden sollen.<\/p>\n<\/div>\n","protected":false},"excerpt":{"rendered":"<p>Sie hatten noch nie Ber\u00fchrungspunkte mit einer Verm\u00f6gensverwaltung. Dieses versuchen wir Ihnen auf dieser Seite kurz n\u00e4herzubringen. Bitte bedenken Sie, dass dies auf einer digitalen Plattform nur eingeschr\u00e4nkt m\u00f6glich ist. Jedoch ist es in einem pers\u00f6nlichen Gespr\u00e4ch viel einfacher, Ihnen dies zu erl\u00e4utern. Eine Verm\u00f6gensverwaltendegesellschaft verwaltet das Verm\u00f6gen Dritter Sie filtert aus den auf Sie [&hellip;]<\/p>\n","protected":false},"author":1,"featured_media":0,"parent":0,"menu_order":10,"comment_status":"closed","ping_status":"closed","template":"","meta":{"footnotes":""},"class_list":["post-9","page","type-page","status-publish","hentry"],"_links":{"self":[{"href":"https:\/\/ruhr-casa-sami.de\/index.php\/wp-json\/wp\/v2\/pages\/9","targetHints":{"allow":["GET"]}}],"collection":[{"href":"https:\/\/ruhr-casa-sami.de\/index.php\/wp-json\/wp\/v2\/pages"}],"about":[{"href":"https:\/\/ruhr-casa-sami.de\/index.php\/wp-json\/wp\/v2\/types\/page"}],"author":[{"embeddable":true,"href":"https:\/\/ruhr-casa-sami.de\/index.php\/wp-json\/wp\/v2\/users\/1"}],"replies":[{"embeddable":true,"href":"https:\/\/ruhr-casa-sami.de\/index.php\/wp-json\/wp\/v2\/comments?post=9"}],"version-history":[{"count":15,"href":"https:\/\/ruhr-casa-sami.de\/index.php\/wp-json\/wp\/v2\/pages\/9\/revisions"}],"predecessor-version":[{"id":662,"href":"https:\/\/ruhr-casa-sami.de\/index.php\/wp-json\/wp\/v2\/pages\/9\/revisions\/662"}],"wp:attachment":[{"href":"https:\/\/ruhr-casa-sami.de\/index.php\/wp-json\/wp\/v2\/media?parent=9"}],"curies":[{"name":"wp","href":"https:\/\/api.w.org\/{rel}","templated":true}]}}